{"id":468,"date":"2019-07-18T23:56:35","date_gmt":"2019-07-18T21:56:35","guid":{"rendered":"http:\/\/rsplus.pl\/?page_id=468"},"modified":"2021-12-25T18:21:15","modified_gmt":"2021-12-25T17:21:15","slug":"awards","status":"publish","type":"page","link":"http:\/\/rsplus.pl\/en\/awards\/","title":{"rendered":"Our Awards"},"content":{"rendered":"\n<div class=\"wp-block-satelite-gutenberg-container text-align-center\" style=\"background-color:transparent;text-align:left\">\n<h4 class=\"has-text-align-center has-animation\"><\/h4>\n\n\n\n<p class=\"has-text-align-center has-animation\"><\/p>\n\n\n\n<div style=\"height:50px\" aria-hidden=\"true\" class=\"wp-block-spacer\"><\/div>\n\n\n\n<figure class=\"wp-block-image is-resized\"><img loading=\"lazy\" src=\"http:\/\/rsplus.pl\/wp-content\/uploads\/2019\/07\/nagrody.jpg\" alt=\"\" class=\"wp-image-359\" width=\"1800\" height=\"225\" srcset=\"http:\/\/rsplus.pl\/wp-content\/uploads\/2019\/07\/nagrody.jpg 2400w, http:\/\/rsplus.pl\/wp-content\/uploads\/2019\/07\/nagrody-300x38.jpg 300w, http:\/\/rsplus.pl\/wp-content\/uploads\/2019\/07\/nagrody-768x96.jpg 768w, http:\/\/rsplus.pl\/wp-content\/uploads\/2019\/07\/nagrody-1024x128.jpg 1024w\" sizes=\"(max-width: 1800px) 100vw, 1800px\" \/><\/figure>\n\n\n\n<div class=\"wp-block-satelite-gutenberg-container\" style=\"background-color:transparent;padding-top:50px;text-align:left\">\n<h4 class=\"has-text-align-center has-mask\"><br>Our office is award winning for our works in various competitions:<br><\/h4>\n\n\n\n<p><\/p>\n<\/div>\n\n\n\n<ul class=\"has-animation\"><li><strong>finalist<\/strong>&nbsp;in &#8220;Innovations in architecture&#8221; competition in &#8220;office&#8221; category 2017<\/li><li><strong>1st prize<\/strong>&nbsp;in closed ECHO Investment&#8217;s competition for a square in front of Libero shopping center in Katowice; 2016 <\/li><li><strong>mention<\/strong>&nbsp;in SARP competition for rebuilding Mariacka 10 in Katowice (with PORTAL) 2010<\/li><li><strong>mention<\/strong>&nbsp;Young Architect of the Year 2008 in &#8220;Architecture of the Year of Silesian Voivodeship&#8221; competition 2008<\/li><li><strong>1st place<\/strong>&nbsp;in competition for housing cqater in Tarn\u00f3w (with AB-PROJEKT) 2007<\/li><li><strong>3rd place<\/strong>&nbsp;in competition &#8220;Revitalization of the quater near \u015aniadeckiego st&#8221; in the center of Siemianowice \u015al\u0105skie (with PORTAL and St. Podka\u0144ski) 2006<\/li><li><strong>1st place<\/strong>&nbsp;in 8th edition of competition &#8220;Polish cement in architecture&#8221; &#8211; RMF FM headquater in Nieporaz (currently Alwernia Studios) (with St. Burmistrz, St. Podka\u0144ski, M. Ska\u0142kowski, in An Archi Group team) 2004<\/li><li><strong>3rd place<\/strong>&nbsp;in competition for headquater of Centre for European Cooperation at the Radio Station Gliwice (with St. Podka\u0144ski) 2003  <\/li><\/ul>\n\n\n\n<div class=\"wp-block-satelite-gutenberg-container\" style=\"background-color:transparent;padding-top:50px;text-align:left\">\n<h4 class=\"has-text-align-center has-mask\"><br>Nevertheless, we are most proud of the awards for our completed projects:<br><\/h4>\n\n\n\n<p><\/p>\n<\/div>\n\n\n\n<p><\/p>\n\n\n\n<p class=\"has-text-align-left has-animation\"><em>awards and mentions for On the One Level House in \u017bory<\/em> :<\/p>\n\n\n\n<ul class=\"has-animation\"><li><strong>3rd Prize <\/strong>in &#8220;POLISH CEMENT IN ARCHITECTURE&#8221;, 2021<\/li><\/ul>\n\n\n\n<p class=\"has-text-align-left has-animation\"><em>awards and mentions for Canoing Training Center iMOSM in Tychy<\/em> :<\/p>\n\n\n\n<ul class=\"has-animation\"><li><strong>Grand Prix<\/strong> in &#8220;POLISH ARCHITECTURE XXL 2020&#8221;; 2021<\/li><li><strong>Award<\/strong> in 10th EDITION OF THE ARCHITECTURAL AWARD BY THE &#8220;POLITYKA&#8221; WEEKLY, 2021<\/li><li><strong>3rd Prize <\/strong>in &#8220;POLISH CEMENT IN ARCHITECTURE&#8221;, 2021<\/li><li><strong>mention<\/strong>&nbsp;in  &#8220;The best public space of Silesian Voivodeship 2021&#8221; competition; 2021<\/li><li><strong>finalist<\/strong> in &#8220;SARP award 2021&#8221; in public space category, 2021<\/li><li><strong>finalist<\/strong> in &#8220;The architecture of the year of Silesian Voivodeship 2021&#8221;; 2021<\/li><li><strong>finalist<\/strong>&nbsp;in &#8220;Building of the year 2020&#8221; competition by archdaily; 2021<\/li><\/ul>\n\n\n\n<p class=\"has-text-align-left has-animation\"><em>awards <em>and mentions<\/em><\/em> <em>for Open Air Museum in Cieszyn<\/em> :<\/p>\n\n\n\n<ul class=\"has-animation\"><li><strong> 1st prize<\/strong> in &#8220;POLISH LANDSCAPE 2019&#8221; by jury voting in &#8220;public space&#8221; category, 2020<\/li><li> <strong>Award<\/strong>&nbsp;in competition &#8220;The best public space of Silesian Voivodeship 2020&#8221; \/ public space<\/li><li> <strong>Award<\/strong> Silesian Icon &#8217;19 in &#8220;exhibition design&#8221; category, 2020<\/li><li> <strong>Award<\/strong> PROPERTY DESIGN AWARD 2020 in &#8220;public space&#8221; category, 2020 <\/li><li><strong> Friendly Shore Award<\/strong> in competition organized by PTTK, 2020<\/li><\/ul>\n\n\n\n<p class=\"has-text-align-left has-animation\"><em>awards <em>and mentions<\/em><\/em> <em>for Square to Joy! in Katowice<\/em> :<\/p>\n\n\n\n<ul class=\"has-animation\"><li> <strong>Finalist<\/strong> PROPERTY DESIGN AWARD 2020 in &#8220;public space&#8221; category, 2020 <\/li><\/ul>\n\n\n\n<p id=\"block-1116cd0d-b5bf-488c-bc9e-74789d095051\"><em>awards <em>and mentions<\/em><\/em> <em>for Planty Water Playground in Jaworzno:<\/em><\/p>\n\n\n\n<ul id=\"block-590f6542-2a4d-47cf-814b-5cf0d4918eba\"><li><strong>1st prize&nbsp;<\/strong>in &#8220;POLISH LANDSCAPE 2018&#8221; by internet voting in &#8220;public space&#8221; category<\/li><li><strong>2nd award<\/strong>&nbsp;in the competition for the best public space in Poland organized by TUP (The Society of Polish Town Planners) in&nbsp; &#8220;Public space in&nbsp;green&#8221; category, 2019<\/li><li><strong>mention<\/strong>&nbsp;in competition &#8220;The best public space of Silesian Voivodeship 2019&#8221; \/ public space<\/li><li><strong>1st prize&nbsp;<\/strong>in &#8220;POLISH LANDSCAPE 2018&#8221; by internet voting in &#8220;public space&#8221; category<\/li><li><strong>2nd award<\/strong>&nbsp;in the competition for the best public space in Poland organized by TUP (The Society of Polish Town Planners) in&nbsp; &#8220;Public space in&nbsp;green&#8221; category, 2019<\/li><li><strong>mention<\/strong>&nbsp;in competition &#8220;The best public space of Silesian Voivodeship 2019&#8221; \/ public space<\/li><\/ul>\n\n\n\n<p class=\"has-animation\"><em>awards <em>and mentions<\/em><\/em> <em>for Promenada<\/em>: <\/p>\n\n\n\n<ul class=\"has-animation\"><li><strong>award<\/strong>&nbsp;in competition &#8220;The best public space of Silesian Voivodeship 2015&#8221; \/ public space&nbsp; <\/li><\/ul>\n\n\n\n<p class=\"has-animation\"><em>awards <em>and mentions<\/em><\/em> <em>for Paprocany Lake Shore<\/em>:<\/p>\n\n\n\n<ul class=\"has-animation\"><li><strong>award<\/strong>&nbsp;in competition &#8220;The best public space of Silesian Voivodeship 2015&#8221; \/ public space&nbsp; <\/li><li><strong>2nd prize<\/strong>&nbsp;in the Competition of Completed Designs on International Biennale of Architecture Krak\u00f3w 2015<\/li><li><strong>Grand Prix &#8211; the best public space in Poland in last 25-years<\/strong>&nbsp;in competition organized by AMS and&nbsp;TUP; 2015&nbsp;<\/li><li><strong>award<\/strong>&nbsp;in the competition for the best public space in Poland &#8216;2015 organized by TUP (The Society of Polish Town Planners) in&nbsp; &#8220;New created public space in&nbsp;green&#8221; category<\/li><li><strong>Superjednostka award<\/strong>&nbsp;for the best architectural realization in public space 2014 in region<\/li><li><strong>jury award<\/strong>&nbsp;in competition Polska Architektura XXL 2014 organized by &#8220;Sztuka Krajobrazu&#8221; in &#8220;public space&#8221; category; 2015&nbsp;<\/li><li><strong>finalist and nomination<\/strong>&nbsp;to the award in &#8220;\u017bycie w architekturze&#8221; competition in &#8220;public space&#8221; category; 2015<\/li><li><strong>nomination<\/strong>&nbsp;to the Mies van der Rohe Award 2015   <\/li><\/ul>\n\n\n\n<p class=\"has-animation\"><em>awards <em>and mentions<\/em> for two barns house:<\/em><\/p>\n\n\n\n<ul class=\"has-animation\"><li><strong>finalist<\/strong>&nbsp;in &#8220;Live in architekturze&#8221; competition in &#8220;house&#8221; category 2015<\/li><li><strong>V4 Family Houses exhibition<\/strong>&nbsp;2015  <\/li><\/ul>\n\n\n\n<p class=\"has-animation\"><em>awards <em>and mentions<\/em><\/em> <em>for 3.LO high school:<\/em><\/p>\n\n\n\n<ul class=\"has-animation\"><li><strong>Building of the Year 2013<\/strong>&nbsp;in &#8220;Architecture of the Year of Silesian Voivodeship&#8221; competition<\/li><li><strong>Superjednostka award<\/strong>&nbsp;for the best architectural realisation in public space 2012 in region  <\/li><\/ul>\n\n\n\n<p class=\"has-animation\"><em>awards <em>and mentions<\/em><\/em> <em>for Paprocany water playground:<\/em><\/p>\n\n\n\n<ul class=\"has-animation\"><li><strong>mention<\/strong>&nbsp;in competition &#8220;The best public space of Silesian Voivodeship 2012&#8221; \/ public space&nbsp;<\/li><li><strong>internet award<\/strong>&nbsp;in competition &#8220;The best public space of Silesian Voivodeship 2012&#8221;  <\/li><\/ul>\n\n\n\n<p class=\"has-animation\"><em>awards <em>and mentions<\/em><\/em> <em>for xv house:<\/em><\/p>\n\n\n\n<ul class=\"has-animation\"><li><strong>internet award<\/strong>&nbsp;in competition Polska Architektura XXL 2012 organized by &#8220;Sztuka Architektury&#8221; <\/li><\/ul>\n\n\n\n<p class=\"has-animation\"><em>awards <em>and mentions<\/em><\/em> <em>for changing rooms:<\/em><\/p>\n\n\n\n<ul class=\"has-animation\"><li><strong>award<\/strong>&nbsp;in &#8220;Wn\u0119trzozdj\u0119cie&#8221; competition by Park Handlowy Rawa in Katowice with SARP Katowice (photo: T. Zakrzewski) 2011 <\/li><\/ul>\n\n\n\n<div style=\"height:40px\" aria-hidden=\"true\" class=\"wp-block-spacer\"><\/div>\n\n\n\n<hr class=\"wp-block-separator\"\/>\n\n\n\n<div class=\"wp-block-satelite-gutenberg-container row_padding_top small\" style=\"background-color:transparent;text-align:left\">\n<h2 class=\"has-text-align-center has-mask\">Whatever your needs, we&#8217;re looking forward to hearing from you<\/h2>\n\n\n\n<p><\/p>\n<\/div>\n\n\n\n<p><\/p>\n<\/div>\n","protected":false},"excerpt":{"rendered":"","protected":false},"author":1,"featured_media":0,"parent":0,"menu_order":0,"comment_status":"closed","ping_status":"closed","template":"","meta":[],"yoast_head":"<!-- This site is optimized with the Yoast SEO plugin v16.1.1 - https:\/\/yoast.com\/wordpress\/plugins\/seo\/ -->\n<title>Our Awards - rsplus.pl<\/title>\n<link rel=\"canonical\" href=\"http:\/\/rsplus.pl\/en\/awards\/\" \/>\n<meta property=\"og:locale\" content=\"en_US\" \/>\n<meta property=\"og:type\" content=\"article\" \/>\n<meta property=\"og:title\" content=\"Our Awards - rsplus.pl\" \/>\n<meta property=\"og:url\" content=\"http:\/\/rsplus.pl\/en\/awards\/\" \/>\n<meta property=\"og:site_name\" content=\"rsplus.pl\" \/>\n<meta property=\"article:modified_time\" content=\"2021-12-25T17:21:15+00:00\" \/>\n<meta property=\"og:image\" content=\"http:\/\/rsplus.pl\/wp-content\/uploads\/2019\/07\/nagrody.jpg\" \/>\n<meta name=\"twitter:card\" content=\"summary_large_image\" \/>\n<meta name=\"twitter:label1\" content=\"Est. reading time\">\n\t<meta name=\"twitter:data1\" content=\"4 minutes\">\n<script type=\"application\/ld+json\" class=\"yoast-schema-graph\">{\"@context\":\"https:\/\/schema.org\",\"@graph\":[{\"@type\":\"WebSite\",\"@id\":\"http:\/\/rsplus.pl\/pl\/#website\",\"url\":\"http:\/\/rsplus.pl\/pl\/\",\"name\":\"rsplus.pl\",\"description\":\"rs+ architekci\",\"potentialAction\":[{\"@type\":\"SearchAction\",\"target\":\"http:\/\/rsplus.pl\/pl\/?s={search_term_string}\",\"query-input\":\"required name=search_term_string\"}],\"inLanguage\":\"en-US\"},{\"@type\":\"ImageObject\",\"@id\":\"http:\/\/rsplus.pl\/en\/awards\/#primaryimage\",\"inLanguage\":\"en-US\",\"url\":\"http:\/\/rsplus.pl\/wp-content\/uploads\/2019\/07\/nagrody.jpg\",\"contentUrl\":\"http:\/\/rsplus.pl\/wp-content\/uploads\/2019\/07\/nagrody.jpg\",\"width\":2400,\"height\":300},{\"@type\":\"WebPage\",\"@id\":\"http:\/\/rsplus.pl\/en\/awards\/#webpage\",\"url\":\"http:\/\/rsplus.pl\/en\/awards\/\",\"name\":\"Our Awards - rsplus.pl\",\"isPartOf\":{\"@id\":\"http:\/\/rsplus.pl\/pl\/#website\"},\"primaryImageOfPage\":{\"@id\":\"http:\/\/rsplus.pl\/en\/awards\/#primaryimage\"},\"datePublished\":\"2019-07-18T21:56:35+00:00\",\"dateModified\":\"2021-12-25T17:21:15+00:00\",\"breadcrumb\":{\"@id\":\"http:\/\/rsplus.pl\/en\/awards\/#breadcrumb\"},\"inLanguage\":\"en-US\",\"potentialAction\":[{\"@type\":\"ReadAction\",\"target\":[\"http:\/\/rsplus.pl\/en\/awards\/\"]}]},{\"@type\":\"BreadcrumbList\",\"@id\":\"http:\/\/rsplus.pl\/en\/awards\/#breadcrumb\",\"itemListElement\":[{\"@type\":\"ListItem\",\"position\":1,\"item\":{\"@type\":\"WebPage\",\"@id\":\"https:\/\/rsplus.pl\/en\/\",\"url\":\"https:\/\/rsplus.pl\/en\/\",\"name\":\"Strona g\\u0142\\u00f3wna\"}},{\"@type\":\"ListItem\",\"position\":2,\"item\":{\"@type\":\"WebPage\",\"@id\":\"http:\/\/rsplus.pl\/en\/awards\/\",\"url\":\"http:\/\/rsplus.pl\/en\/awards\/\",\"name\":\"Our Awards\"}}]}]}<\/script>\n<!-- \/ Yoast SEO plugin. -->","_links":{"self":[{"href":"http:\/\/rsplus.pl\/en\/wp-json\/wp\/v2\/pages\/468"}],"collection":[{"href":"http:\/\/rsplus.pl\/en\/wp-json\/wp\/v2\/pages"}],"about":[{"href":"http:\/\/rsplus.pl\/en\/wp-json\/wp\/v2\/types\/page"}],"author":[{"embeddable":true,"href":"http:\/\/rsplus.pl\/en\/wp-json\/wp\/v2\/users\/1"}],"replies":[{"embeddable":true,"href":"http:\/\/rsplus.pl\/en\/wp-json\/wp\/v2\/comments?post=468"}],"version-history":[{"count":50,"href":"http:\/\/rsplus.pl\/en\/wp-json\/wp\/v2\/pages\/468\/revisions"}],"predecessor-version":[{"id":2773,"href":"http:\/\/rsplus.pl\/en\/wp-json\/wp\/v2\/pages\/468\/revisions\/2773"}],"wp:attachment":[{"href":"http:\/\/rsplus.pl\/en\/wp-json\/wp\/v2\/media?parent=468"}],"curies":[{"name":"wp","href":"https:\/\/api.w.org\/{rel}","templated":true}]}}