{"id":2109,"date":"2019-09-30T22:30:02","date_gmt":"2019-09-30T20:30:02","guid":{"rendered":"http:\/\/rsplus.pl\/o-nas\/"},"modified":"2025-10-13T15:35:06","modified_gmt":"2025-10-13T13:35:06","slug":"o-nas","status":"publish","type":"page","link":"http:\/\/rsplus.pl\/pl\/o-nas\/","title":{"rendered":"O nas"},"content":{"rendered":"\n<div class=\"wp-block-satelite-gutenberg-container small row_padding_top row_padding_bottom\" style=\"background-color:transparent;text-align:left\">\n<h4 class=\"has-text-align-center has-mask\">Zawsze d\u0105\u017cymy do znalezienia najlepszych rozwi\u0105za\u0144 &#8211; indywidualnie podchodz\u0105c do wymaga\u0144 i mo\u017cliwo\u015bci ka\u017cdego inwestora.<\/h4>\n\n\n\n<p><\/p>\n\n\n\n<div class=\"wp-block-satelite-gutenberg-container has-animation\" style=\"background-color:transparent;text-align:left\">\n<a class=\"image-link \" href=\"http:\/\/rsplus.pl\/wp-content\/uploads\/2019\/09\/focal_DSC_6369lrg2_pp_gotowe_czb_copy.jpg\"><img src=\"http:\/\/rsplus.pl\/wp-content\/uploads\/2019\/09\/focal_DSC_6369lrg2_pp_gotowe_czb_copy.jpg\" alt=\"popup image\" \/><\/a>\n\n\n\n<p><\/p>\n<\/div>\n\n\n\n<p class=\"has-animation\"><br><\/p>\n\n\n\n<p class=\"has-animation\" style=\"font-size:15px\">Gwarantujemy profesjonalne podej\u015bcie do ka\u017cdego zagadnienia projektowego. Ch\u0119tnie podejmujemy si\u0119 opracowa\u0144 b\u0119d\u0105cych dla nas wyzwaniem. Tak powsta\u0142 m.in. pierwszy w Polsce wodny plac zabaw w Tychach czy paproca\u0144skie nabrze\u017ce.<\/p>\n\n\n\n<p class=\"has-animation\" style=\"font-size:15px\">W celu \u015bwiadczenia kompleksowych us\u0142ug wsp\u00f3\u0142pracujemy z szeregiem projektant\u00f3w, wieloma firmami projektowymi wszystkich bran\u017c oraz do\u015bwiadczonymi kosztorysantami. <\/p>\n\n\n\n<p class=\"has-animation\" style=\"font-size:15px\">Nie mamy sta\u0142ych cennik\u00f3w. Ka\u017cdy projekt jest wyceniany indywidualnie na podstawie dok\u0142adnych Pa\u0144stwa oczekiwa\u0144 i okre\u015blonego zakresu. Dlatego w przypadku pro\u015bby o wycen\u0119 prosimy najpierw o przygotowanie jak najwi\u0119cej danych dotycz\u0105cych planowanej inwestycji lub kontakt telefoniczny. <br><\/p>\n\n\n\n<h4 class=\"has-text-align-center has-mask\"> Serdecznie zapraszamy do wsp\u00f3\u0142pracy! <br><\/h4>\n\n\n\n<p class=\"has-animation\" style=\"font-size:15px\">Autorska pracownia projektowa RS+ zosta\u0142a za\u0142o\u017cona w 2001 roku.<br>Za\u0142o\u017cycielem i g\u0142\u00f3wnym projektantem jest architekt <strong>Robert Skitek<\/strong>, absolwent Wydzia\u0142u Architektury Politechniki \u015al\u0105skiej (dyplom 1999), cz\u0142onek IARP, posiadaj\u0105cy uprawnienia do projektowania w specjalno\u015bci architektonicznej bez ogranicze\u0144 60\/03\/SLOKK\/II, cz\u0142onek Miejskiej Komisji Urbanistyczno-Architektonicznej w Tychach, cz\u0142onek Rady Muzeum Miejskiego w Tychach.<\/p>\n\n\n\n<p class=\"has-animation\" style=\"font-size:15px\"> <strong>+ <\/strong>, czyli nasz zesp\u00f3\u0142 &#8211; czynnie bior\u0105cy udzia\u0142 w tworzeniu projektu na ka\u017cdym jego etapie &#8211; tworz\u0105 ambitni i odpowiedzialni ludzie, dla kt\u00f3rych projektowanie jest pasj\u0105 i wielk\u0105 przyjemno\u015bci\u0105. <\/p>\n\n\n\n<p><\/p>\n<\/div>\n\n\n\n<div class=\"wp-block-satelite-gutenberg-container text-align-center\" style=\"background-color:transparent;text-align:left\">\n<div class=\"wp-block-satelite-gutenberg-container small text-align-center\" style=\"background-color:transparent;text-align:left\">\n<h3 class=\"has-text-align-center has-mask\">Nasze podej\u015bcie do pracy zosta\u0142o zauwa\u017cone r\u00f3wnie\u017c przez specjalist\u00f3w<\/h3>\n\n\n\n<div class=\"wp-block-satelite-gutenberg-testimonials text-carousel text-align-center has-animation\">\n<div class=\"text-carousel-item\"><p>\"lista najlepszych pracowni architektonicznych w Polsce wg portalu architizer, 2023, 2024\"<\/p><div class=\"user-review\">1 miejsce<\/div><\/div>\n\n\n\n<div class=\"text-carousel-item\"><p>\"lista 20-tu najbardziej wp\u0142ywowych biur architektonicznych w Polsce wg redakcji miesi\u0119cznika Architektura-Murator; 2024\"<\/p><div class=\"user-review\">14 miejsce<\/div><\/div>\n\n\n\n<div class=\"text-carousel-item\"><p>\"konkurs Architektury-Murator \u201eInnowacje w architekturze\u201d, kategoria pracownia, 2017\"<\/p><div class=\"user-review\">finalista<\/div><\/div>\n\n\n\n<div class=\"text-carousel-item\"><p>\"&#8222;Architektura Roku Wojew\u00f3dztwa \u015al\u0105skiego&#8221;  kategoria M\u0142ody Tw\u00f3rca Architektury, 2008\"<\/p><div class=\"user-review\">Wyr\u00f3\u017cnienie<\/div><\/div>\n<\/div>\n<\/div>\n\n\n\n<div class=\"wp-block-satelite-gutenberg-container row_padding_top small\" style=\"background-color:transparent;text-align:left\">\n<h2 class=\"has-text-align-center has-mask\">Je\u015bli mo\u017cemy  w czym\u015b Pa\u0144stwu pom\u00f3c, czekamy na kontakt<\/h2>\n\n\n\n<p><\/p>\n<\/div>\n\n\n\n<p><\/p>\n<\/div>\n","protected":false},"excerpt":{"rendered":"","protected":false},"author":1,"featured_media":0,"parent":0,"menu_order":0,"comment_status":"closed","ping_status":"closed","template":"","meta":[],"yoast_head":"<!-- This site is optimized with the Yoast SEO plugin v16.1.1 - https:\/\/yoast.com\/wordpress\/plugins\/seo\/ -->\n<title>O nas - rsplus.pl<\/title>\n<link rel=\"canonical\" href=\"http:\/\/rsplus.pl\/pl\/o-nas\/\" \/>\n<meta property=\"og:locale\" content=\"pl_PL\" \/>\n<meta property=\"og:type\" content=\"article\" \/>\n<meta property=\"og:title\" content=\"O nas - rsplus.pl\" \/>\n<meta property=\"og:url\" content=\"http:\/\/rsplus.pl\/pl\/o-nas\/\" \/>\n<meta property=\"og:site_name\" content=\"rsplus.pl\" \/>\n<meta property=\"article:modified_time\" content=\"2025-10-13T13:35:06+00:00\" \/>\n<meta name=\"twitter:card\" content=\"summary_large_image\" \/>\n<meta name=\"twitter:label1\" content=\"Szacowany czas czytania\">\n\t<meta name=\"twitter:data1\" content=\"2 minuty\">\n<script type=\"application\/ld+json\" class=\"yoast-schema-graph\">{\"@context\":\"https:\/\/schema.org\",\"@graph\":[{\"@type\":\"WebSite\",\"@id\":\"http:\/\/rsplus.pl\/pl\/#website\",\"url\":\"http:\/\/rsplus.pl\/pl\/\",\"name\":\"rsplus.pl\",\"description\":\"rs+ architekci\",\"potentialAction\":[{\"@type\":\"SearchAction\",\"target\":\"http:\/\/rsplus.pl\/pl\/?s={search_term_string}\",\"query-input\":\"required name=search_term_string\"}],\"inLanguage\":\"pl-PL\"},{\"@type\":\"WebPage\",\"@id\":\"http:\/\/rsplus.pl\/pl\/o-nas\/#webpage\",\"url\":\"http:\/\/rsplus.pl\/pl\/o-nas\/\",\"name\":\"O nas - rsplus.pl\",\"isPartOf\":{\"@id\":\"http:\/\/rsplus.pl\/pl\/#website\"},\"datePublished\":\"2019-09-30T20:30:02+00:00\",\"dateModified\":\"2025-10-13T13:35:06+00:00\",\"breadcrumb\":{\"@id\":\"http:\/\/rsplus.pl\/pl\/o-nas\/#breadcrumb\"},\"inLanguage\":\"pl-PL\",\"potentialAction\":[{\"@type\":\"ReadAction\",\"target\":[\"http:\/\/rsplus.pl\/pl\/o-nas\/\"]}]},{\"@type\":\"BreadcrumbList\",\"@id\":\"http:\/\/rsplus.pl\/pl\/o-nas\/#breadcrumb\",\"itemListElement\":[{\"@type\":\"ListItem\",\"position\":1,\"item\":{\"@type\":\"WebPage\",\"@id\":\"http:\/\/rsplus.pl\/pl\/\",\"url\":\"http:\/\/rsplus.pl\/pl\/\",\"name\":\"Strona g\\u0142\\u00f3wna\"}},{\"@type\":\"ListItem\",\"position\":2,\"item\":{\"@type\":\"WebPage\",\"@id\":\"http:\/\/rsplus.pl\/pl\/o-nas\/\",\"url\":\"http:\/\/rsplus.pl\/pl\/o-nas\/\",\"name\":\"O nas\"}}]}]}<\/script>\n<!-- \/ Yoast SEO plugin. -->","_links":{"self":[{"href":"http:\/\/rsplus.pl\/pl\/wp-json\/wp\/v2\/pages\/2109"}],"collection":[{"href":"http:\/\/rsplus.pl\/pl\/wp-json\/wp\/v2\/pages"}],"about":[{"href":"http:\/\/rsplus.pl\/pl\/wp-json\/wp\/v2\/types\/page"}],"author":[{"embeddable":true,"href":"http:\/\/rsplus.pl\/pl\/wp-json\/wp\/v2\/users\/1"}],"replies":[{"embeddable":true,"href":"http:\/\/rsplus.pl\/pl\/wp-json\/wp\/v2\/comments?post=2109"}],"version-history":[{"count":18,"href":"http:\/\/rsplus.pl\/pl\/wp-json\/wp\/v2\/pages\/2109\/revisions"}],"predecessor-version":[{"id":3235,"href":"http:\/\/rsplus.pl\/pl\/wp-json\/wp\/v2\/pages\/2109\/revisions\/3235"}],"wp:attachment":[{"href":"http:\/\/rsplus.pl\/pl\/wp-json\/wp\/v2\/media?parent=2109"}],"curies":[{"name":"wp","href":"https:\/\/api.w.org\/{rel}","templated":true}]}}