{"id":2116,"date":"2019-10-06T13:30:54","date_gmt":"2019-10-06T11:30:54","guid":{"rendered":"http:\/\/rsplus.pl\/nasze-nagrody\/"},"modified":"2026-01-20T17:12:20","modified_gmt":"2026-01-20T16:12:20","slug":"nasze-nagrody","status":"publish","type":"page","link":"https:\/\/rsplus.pl\/pl\/nasze-nagrody\/","title":{"rendered":"Nasze nagrody"},"content":{"rendered":"\n<div class=\"wp-block-satelite-gutenberg-container text-align-center\" style=\"background-color:transparent;text-align:left\">\n<h4 class=\"has-text-align-center has-animation\"><\/h4>\n\n\n\n<p class=\"has-text-align-center has-animation\"><\/p>\n\n\n\n<div style=\"height:50px\" aria-hidden=\"true\" class=\"wp-block-spacer\"><\/div>\n\n\n\n<figure class=\"wp-block-image is-resized\"><img loading=\"lazy\" src=\"http:\/\/rsplus.pl\/wp-content\/uploads\/2019\/07\/nagrody.jpg\" alt=\"\" class=\"wp-image-2118\" width=\"1800\" height=\"225\" srcset=\"https:\/\/rsplus.pl\/wp-content\/uploads\/2019\/07\/nagrody.jpg 2400w, https:\/\/rsplus.pl\/wp-content\/uploads\/2019\/07\/nagrody-300x38.jpg 300w, https:\/\/rsplus.pl\/wp-content\/uploads\/2019\/07\/nagrody-768x96.jpg 768w, https:\/\/rsplus.pl\/wp-content\/uploads\/2019\/07\/nagrody-1024x128.jpg 1024w\" sizes=\"(max-width: 1800px) 100vw, 1800px\" \/><\/figure>\n\n\n\n<div class=\"wp-block-satelite-gutenberg-container\" style=\"background-color:transparent;padding-top:50px;text-align:left\">\n<h4 class=\"has-text-align-center has-mask\"><br>Nasza pracownia by\u0142a wielokrotnie doceniana w r\u00f3\u017cnych konkursach i zestawieniach:<br><\/h4>\n\n\n\n<p><\/p>\n<\/div>\n\n\n\n<ul class=\"has-animation\"><li><strong>nr 1<\/strong> na li\u015bcie najlepszych polskich pracowni architektonicznych wg portalu architizer.com; 2024<\/li><li><strong>nr 14<\/strong> na li\u015bcie najbardziej wp\u0142ywowych biur architektonicznych w Polsce wg redakcji miesi\u0119cznika Architektura-Murator; 2024<\/li><li><strong>nr 1<\/strong> na li\u015bcie najlepszych polskich pracowni architektonicznych wg portalu architizer.com; 2023<\/li><li><strong>finalista<\/strong> konkursu &#8222;Innowacje w architekturze&#8221; w kategorii pracownia 2017<\/li><li><strong>1. nagroda<\/strong> w zamkni\u0119tym konkursie Echo Investment na plac przed centrum handlowym Libero w Katowicach; 2016<\/li><li><strong>wyr\u00f3\u017cnienie <\/strong>w konkursie SARP na koncepcj\u0119 przebudowy kamienicy przy ul. Mariackiej 10 w Katowicach (z PORTAL) 2010<\/li><li><strong>wyr\u00f3\u017cnienie<\/strong> w konkursie &#8222;Architektura Roku Wojew\u00f3dztwa \u015al\u0105skiego&#8221; w kategorii M\u0142ody Tw\u00f3rca Architektury 2008<\/li><li><strong>1. miejsce<\/strong> w konkursie &#8222;Koncepcja zespo\u0142u zabudowy mieszkaniowej i us\u0142ugowej w Tarnowie&#8221; (z AB-PROJEKT) 2007<\/li><li><strong>3. miejsce<\/strong> w konkursie Rewitalizacja kwarta\u0142u miasta w rejonie ulicy \u015aniadeckiego &#8211; studium przestrzenne renowacji i rewitalizacji centrum Siemianowic; (z PORTAL i St. Podka\u0144skim) 2006<\/li><li><strong>1. miejsce<\/strong> w VIII edycji konkursu &#8222;Polski cement w architekturze&#8221; za siedzib\u0119 RMF FM w Nieporazie (ze St. Burmistrzem, St. Podka\u0144skim, M. Ska\u0142kowskim, w ramach An Archi Group) 2004<\/li><li><strong>3. miejsce<\/strong> w konkursie na koncepcj\u0119 Centrum Wsp\u00f3\u0142pracy Europejskiej na terenie Radiostacji w Gliwicach (ze St. Podka\u0144skim) 2003<\/li><\/ul>\n\n\n\n<div class=\"wp-block-satelite-gutenberg-container\" style=\"background-color:transparent;padding-top:50px;text-align:left\">\n<h4 class=\"has-text-align-center has-mask\"><br>Niemniej najbardziej jeste\u015bmy dumni z nagr\u00f3d otrzymanych za zrealizowane projekty:<br><\/h4>\n\n\n\n<p><\/p>\n<\/div>\n\n\n\n<ul class=\"has-animation\"><li><strong>Grand Prix (2015)<\/strong> &#8211; najlepsza przestrze\u0144 publiczna 25-lecia w konkursie &#8222;Najlepsze zmiany przestrzeni publicznej. Przegl\u0105d nagrodzonych projekt\u00f3w z okazji 25-lecia transformacji&#8221; zorganizowanym przez AMS i Towarzystwo Urbanist\u00f3w Polskich; <\/li><li>4<strong> nagrody (2015,2019,2021,2025)<\/strong> w dorocznym konkursie na najlepsz\u0105 przestrze\u0144 publiczn\u0105 w Polsce organizowan\u0105 przez TUP (Towarzystwo Urbanist\u00f3w Polskich)<\/li><li><strong>1 nagroda (2021<\/strong>) tygodnika &#8222;Polityka&#8221;<\/li><li><strong>2 nagrody (2021) <\/strong>w dorocznym konkursie &#8222;Polski Cement w Architekturze&#8221;<\/li><li><strong>1 nagroda Grand Prix (2021), 2 nagrody jury (2015,2020), 2 nagrody internaut\u00f3w (2012,2019)<\/strong> w dorocznym konkursie Polska Architektura XXL <\/li><li><strong>1 nagroda (2020<\/strong>) w dorocznym konkursie &#8222;Property Award&#8221;<\/li><li><strong>3 nagrody (2015,2020,2025), 4 wyr\u00f3\u017cnienia (2012,2017,2019,2021), 2 nagrody internaut\u00f3w (2012,2017)<\/strong> w dorocznym konkursie &#8222;Najlepsza Przestrze\u0144 Publiczna Wojew\u00f3dztwa \u015al\u0105skiego&#8221;<\/li><li><strong>1 nagroda (2013), 2 wyr\u00f3\u017cnienia (2024) <\/strong>w dorocznym konkursie &#8222;Architektura Roku Wojew\u00f3dztwa \u015al\u0105skiego&#8221;<\/li><li><strong>2 nagrody (2012,2014)<\/strong> &#8222;superjednostka&#8221;<\/li><li><strong>1 nagroda (2020)<\/strong> w konkursie &#8222;\u015al\u0105ska Rzecz&#8221;<\/li><li><strong>1 nominacja (2015) do Nagrody Unii Europejskiej <\/strong>dla Wsp\u00f3\u0142czesnej Architektury MIES VAN DER ROHE AWARD<\/li><\/ul>\n\n\n\n<p><em>nagrody i wyr\u00f3\u017cnienia dla realizacji wodnego i naturalnego placu zabaw w Parku Jaworek w Tychach:<\/em><\/p>\n\n\n\n<ul class=\"has-animation\"><li><strong><strong><strong>Nagroda marsza\u0142ka<\/strong> w konkursie &#8222;Najlepsza Przestrze\u0144 Publiczna Wojew\u00f3dztwa \u015al\u0105skiego 2025&#8221;; 2025<\/strong><\/strong><\/li><li>2. <strong>Nagroda <strong> <\/strong>w XIX edycji konkursu Towarzystwa Urbanist\u00f3w Polskich na najlepsz\u0105 przestrze\u0144 publiczn\u0105 w Polsce w kategorii &#8222;Rewitalizowana przestrze\u0144 publiczna w zieleni&#8221;; 2025<\/strong><\/li><li>Nominacja w konkursie &#8222;Lider dost\u0119pno\u015bci&#8221; 2025<\/li><\/ul>\n\n\n\n<p><em>nagrody i wyr\u00f3\u017cnienia dla realizacji parku rekreacyjno-sportowego z wodnymi placami zabaw w Kozienicach:<\/em><\/p>\n\n\n\n<ul class=\"has-animation\"><li><strong><strong>Wyr\u00f3\u017cnienie <\/strong><\/strong>w konkursie &#8222;Architektura Roku Wojew\u00f3dztwa \u015al\u0105skiego 2024&#8221; w kategorii DZIE\u0141O EKSPORTOWE; 2024<\/li><li><strong>Nominacja <\/strong>w konkursie &#8222;Polski Cement w Architekturze&#8221; (XXVIII edycja); 2024<\/li><li><strong>Finalista<\/strong> w konkursie Polska Architektura XXL 2023 organizowanym przez Grup\u0119 Sztuka Architektury; 2024<\/li><\/ul>\n\n\n\n<p class=\"has-text-align-left has-animation\"><em>nagrody i wyr\u00f3\u017cnienia dla realizacji domu w Beskidach:<\/em><\/p>\n\n\n\n<ul class=\"has-animation\"><li><strong><strong>Wyr\u00f3\u017cnienie <\/strong><\/strong>w konkursie &#8222;Architektura Roku Wojew\u00f3dztwa \u015al\u0105skiego 2024&#8221; w kategorii WN\u0118TRZE; 2024<\/li><li><strong>Nominacja <\/strong>w konkursie &#8222;Architektura Roku Wojew\u00f3dztwa \u015al\u0105skiego 2024&#8221; w kategorii DOM JEDNORODZINNY; 2024<\/li><li><strong>Finalista<\/strong> w konkursie Polska Architektura XXL 2023 organizowanym przez Grup\u0119 Sztuka Architektury; 2024<\/li><\/ul>\n\n\n\n<p class=\"has-text-align-left has-animation\"><em>nagrody i wyr\u00f3\u017cnienia dla realizacji domu na jednym poziomie w \u017borach:<\/em><\/p>\n\n\n\n<ul class=\"has-animation\"><li><strong>3. nagroda<\/strong> r\u00f3wnorz\u0119dna w XXV edycji konkursu &#8222;Polski Cement w architekturze&#8221;; 2021<\/li><\/ul>\n\n\n\n<p class=\"has-text-align-left has-animation\"><em>nagrody <em>i wyr\u00f3\u017cnienia<\/em><\/em> <em>dla realizacji przystani kajakarskiej MOSM w Tychach<\/em><\/p>\n\n\n\n<ul class=\"has-animation\"><li><strong>I Nagroda <\/strong>w XV edycji konkursu Towarzystwa Urbanist\u00f3w Polskich na najlepsz\u0105 przestrze\u0144 publiczn\u0105 w Polsce w kategorii &#8222;Rewitalizowana przestrze\u0144 publiczna w zieleni&#8221;; 2021<\/li><li><strong>Grand Prix<\/strong> w konkursie Polska Architektura XXL 2020 organizowanym przez Grup\u0119 Sztuka Architektury; 2021<\/li><li><strong>Nagroda<\/strong> w 10 edycji Nagrody Architektonicznej tygodnika :Polityka; 2021<\/li><li><strong>3. nagroda<\/strong> r\u00f3wnorz\u0119dna w XXV edycji konkursu &#8222;Polski Cement w architekturze&#8221;; 2021<\/li><li><strong>Wyr\u00f3\u017cnienie<\/strong> w konkursie &#8222;Najlepsza Przestrze\u0144 Publiczna Wojew\u00f3dztwa \u015al\u0105skiego 2021&#8221;; 2021<\/li><li><strong>Finalista<\/strong> konkursu &#8222;Nagroda SARP 2021&#8221; w kategorii &#8222;Przestrze\u0144 Publiczna&#8221;; 2021<\/li><li><strong>Finalista<\/strong> konkursu &#8222;Architektura Roku Wojew\u00f3dztwa \u015al\u0105skiego 2021&#8221;; 2021<\/li><li><strong>Finalista<\/strong> konkursu &#8222;Building of the year 2020&#8221; organizowanym przez portal Archdaily; 2021<\/li><\/ul>\n\n\n\n<p class=\"has-text-align-left has-animation\"><em>nagrody <em>i wyr\u00f3\u017cnienia<\/em><\/em> <em>dla realizacji Open Air Museum w Cieszynie:<\/em><\/p>\n\n\n\n<ul class=\"has-animation\"><li><strong>Nagroda Jury<\/strong> w konkursie Polska Architektura XXL 2019 organizowanym przez Grup\u0119 Sztuka Architektury w kategorii &#8222;Krajobraz &#8211; Przestrze\u0144 Publiczna&#8221;; 2020 <\/li><li><strong>Nagroda Marsza\u0142ka<\/strong> w konkursie &#8222;Najlepsza Przestrze\u0144 Publiczna Wojew\u00f3dztwa \u015al\u0105skiego 2020&#8221; w kategorii &#8222;Przestrze\u0144 publiczna&#8221;, 2020<\/li><li><strong>\u015al\u0105ska Rzecz &#8217;19 <\/strong>w kategorii &#8222;wystawiennictwo&#8221; w konkursie organizowanym przez Zamek Cieszyn; 2020<\/li><li><strong>Nagroda<\/strong> PROPERTY DESIGN AWARD 2020 w kategorii Przestrze\u0144 Publiczna, 2020 <\/li><li><strong>Nagroda Przyjaznego Brzegu 2019<\/strong> w konkursie organizowanym przez PTTK, 2020<\/li><\/ul>\n\n\n\n<p class=\"has-text-align-left has-animation\"><em>nagrody <em>i wyr\u00f3\u017cnienia<\/em><\/em> <em>dla realizacji Placu do Rado\u015bci w Katowicach:<\/em><\/p>\n\n\n\n<ul class=\"has-animation\"><li><strong>finalista <\/strong>PROPERTY DESIGN AWARD 2020 w kategorii Przestrze\u0144 Publiczna, 2020<\/li><\/ul>\n\n\n\n<p class=\"has-text-align-left has-animation\"><em>nagrody <em>i wyr\u00f3\u017cnienia<\/em><\/em> <em>dla realizacji wodnego placu zabaw w Jaworznie:<\/em><\/p>\n\n\n\n<ul class=\"has-animation\"><li><strong>Nagroda Internaut\u00f3w<\/strong> w konkursie Polska Architektura XXL 2018 organizowanym przez Grup\u0119 Sztuka Architektury w kategorii &#8222;Krajobraz- Przestrze\u0144 Publiczna&#8221;; 2019<\/li><li><strong>2. Nagroda<\/strong> w konkursie na najlepsz\u0105 przestrze\u0144 publiczn\u0105 w Polsce organizowan\u0105 przez TUP (Towarzystwo Urbanist\u00f3w Polskich) w kategorii &#8222;przestrze\u0144 publiczna w zieleni&#8221;, 2019<\/li><li><strong>Wyr\u00f3\u017cnienie<\/strong>  w konkursie &#8222;Najlepsza Przestrze\u0144 Publiczna Wojew\u00f3dztwa \u015al\u0105skiego 2019&#8221; w kategorii &#8222;Przestrze\u0144 publiczna&#8221;, 2019 <\/li><\/ul>\n\n\n\n<p class=\"has-animation\"><em>nagrody <em>i wyr\u00f3\u017cnienia<\/em><\/em> <em>dla realizacji obiektu gastronomicznego Promenada w Tychach:<\/em> <\/p>\n\n\n\n<ul class=\"has-animation\"><li><strong>Wyr\u00f3\u017cnienie Marsza\u0142ka<\/strong> w konkursie &#8222;Najlepsza Przestrze\u0144 Publiczna Wojew\u00f3dztwa \u015al\u0105skiego 2017&#8221; w kategorii &#8222;Przestrze\u0144 publiczna&#8221;, 2017 <\/li><li><strong>Nagroda Internaut\u00f3w<\/strong>&nbsp;w konkursie &#8222;Najlepsza Przestrze\u0144 Publiczna Wojew\u00f3dztwa \u015al\u0105skiego 2017&#8221;, 2017 <\/li><\/ul>\n\n\n\n<p class=\"has-animation\"><em>nagrody <em>i wyr\u00f3\u017cnienia<\/em><\/em> <em>dla realizacji zagospodarowania wschodniego nabrze\u017ca Paprocan w Tychach:<\/em><\/p>\n\n\n\n<ul class=\"has-animation\"><li><strong>Grand Prix<\/strong> &#8211; najlepsza przestrze\u0144 publiczna 25-lecia w konkursie &#8222;Najlepsze zmiany przestrzeni publicznej. Przegl\u0105d nagrodzonych projekt\u00f3w z okazji 25-lecia transformacji&#8221; zorganizowanym przez AMS i Towarzystwo Urbanist\u00f3w Polskich; 2015 <\/li><li><strong>1. nagroda<\/strong> w konkursie na najlepiej zagospodarowan\u0105 przestrze\u0144 publiczn\u0105 w Polsce '2015 zorganizowanym przez Towarzystwo Urbanist\u00f3w Polskich w kategorii &#8222;Nowo wykreowana przestrze\u0144 publiczna w zieleni&#8221;, 2015<\/li><li><strong>Nagroda Marsza\u0142ka<\/strong> w konkursie &#8222;Najlepsza Przestrze\u0144 Publiczna Wojew\u00f3dztwa \u015al\u0105skiego 2015&#8221; w kategorii &#8222;Przestrze\u0144 publiczna&#8221;, 2015 <\/li><li><strong>2. nagroda<\/strong> w konkursie projekt\u00f3w zrealizowanych na Mi\u0119dzynarodowym Biennale Architektury Krak\u00f3w 2015 <\/li><li><strong>Superjednostka<\/strong> za najlepsz\u0105 realizacj\u0119 architektoniczn\u0105 w przestrzeni publicznej 2014 roku w regionie<\/li><li> <strong>Nagroda Jury<\/strong> w konkursie Polska Architektura XXL 2014 organizowanym przez Grup\u0119 Sztuka Architektury w kategorii &#8222;Krajobraz &#8211; Przestrze\u0144 Publiczna&#8221;; 2015<\/li><li><strong>Finalista konkursu i Nominacja do nagrody<\/strong> w konkursie &#8222;\u017bycie w architekturze&#8221; w kategorii &#8222;Przestrze\u0144 publiczna&#8221;; 2015<\/li><li><strong>Finalista konkursu<\/strong>&nbsp;&#8222;Innowacje w architekturze&#8221; w kategorii projekt\/realizacja 2017 <\/li><li><strong>Nominacja do Nagrody<\/strong> Unii Europejskiej dla Wsp\u00f3\u0142czesnej Architektury MIES VAN DER ROHE AWARD 2015<\/li><\/ul>\n\n\n\n<p class=\"has-animation\"><em>Nagrody <em>i wyr\u00f3\u017cnienia<\/em><\/em> <em>dla realizacji domu &#8222;Dwie stodo\u0142y&#8221;<\/em><\/p>\n\n\n\n<ul class=\"has-animation\"><li><strong>Finalista konkursu<\/strong> &#8222;\u017bycie w architekturze&#8221; 2015<\/li><li><strong>wystawa V4 houses<\/strong> &#8211; Domy Jednorodzinne w Krajach Grupy Wyszehradzkiej 2015<\/li><\/ul>\n\n\n\n<p class=\"has-animation\"><em>Nagrody <em>i wyr\u00f3\u017cnienia<\/em><\/em> <em>dla realizacji 3. LO liceum:<\/em><\/p>\n\n\n\n<ul class=\"has-animation\"><li><strong>Obiekt Roku<\/strong> w 19. edycji konkursu &#8222;Architektura Roku Wojew\u00f3dztwa \u015al\u0105skiego&#8221;<\/li><li><strong>Superjednostka<\/strong> za najlepsz\u0105 realizacj\u0119 architektoniczn\u0105 w przestrzeni publicznej 2012 roku w regionie<\/li><\/ul>\n\n\n\n<p class=\"has-animation\"><em>Nagrody <em>i wyr\u00f3\u017cnienia<\/em><\/em> <em>dla realizacji wodnego placu zabaw w Tychach:<\/em><\/p>\n\n\n\n<ul class=\"has-animation\"><li><strong>Wyr\u00f3\u017cnienie<\/strong> w konkursie &#8222;Najlepsza Przestrze\u0144 Publiczna Wojew\u00f3dztwa \u015al\u0105skiego 2012&#8221; w kategorii &#8222;Przestrze\u0144 publiczna&#8221; , 2012<\/li><li><strong>Nagroda Internaut\u00f3w<\/strong> w konkursie &#8222;Najlepsza Przestrze\u0144 Publiczna Wojew\u00f3dztwa \u015al\u0105skiego 2012&#8221;, 2012<\/li><\/ul>\n\n\n\n<p class=\"has-animation\"><em>Nagrody <em>i wyr\u00f3\u017cnienia<\/em><\/em> <em>dla realizacji domu XV w Krakowie:<\/em><\/p>\n\n\n\n<ul class=\"has-animation\"><li><strong>Nagroda Internaut\u00f3w<\/strong> w konkursie Polska Architektura XXL 2012 organizowanym przez Grup\u0119 Sztuka Architektury; w kategorii &#8222;Dom i mieszkanie&#8221;<\/li><\/ul>\n\n\n\n<p class=\"has-animation\"><em>nagrody <em>i wyr\u00f3\u017cnienia<\/em><\/em> <em>za realizacj\u0119 szatni przy sali gimnastycznej w SP nr 7 w Tychach:<\/em><\/p>\n\n\n\n<ul class=\"has-animation\"><li><strong>Nagroda<\/strong> w konkursie &#8222;Wn\u0119trzozdj\u0119cie&#8221; organizowanym przez Park Handlowy Rawa w Katowicach wraz z SARP O\/Katowice (fot.: T. Zakrzewski) 2011<\/li><\/ul>\n\n\n\n<div style=\"height:40px\" aria-hidden=\"true\" class=\"wp-block-spacer\"><\/div>\n\n\n\n<hr class=\"wp-block-separator\"\/>\n\n\n\n<div class=\"wp-block-satelite-gutenberg-container row_padding_top small\" style=\"background-color:transparent;text-align:left\">\n<h2 class=\"has-text-align-center has-mask\">Je\u015bli mo\u017cemy w czym\u015b Pa\u0144stwu pom\u00f3c, czekamy na kontakt<\/h2>\n\n\n\n<p><\/p>\n<\/div>\n\n\n\n<p><\/p>\n<\/div>\n\n\n\n<p><\/p>\n","protected":false},"excerpt":{"rendered":"","protected":false},"author":1,"featured_media":0,"parent":0,"menu_order":0,"comment_status":"closed","ping_status":"closed","template":"","meta":[],"yoast_head":"<!-- This site is optimized with the Yoast SEO plugin v16.1.1 - https:\/\/yoast.com\/wordpress\/plugins\/seo\/ -->\n<title>Nasze nagrody - rsplus.pl<\/title>\n<link rel=\"canonical\" href=\"http:\/\/rsplus.pl\/pl\/nasze-nagrody\/\" \/>\n<meta property=\"og:locale\" content=\"pl_PL\" \/>\n<meta property=\"og:type\" content=\"article\" \/>\n<meta property=\"og:title\" content=\"Nasze nagrody - rsplus.pl\" \/>\n<meta property=\"og:url\" content=\"http:\/\/rsplus.pl\/pl\/nasze-nagrody\/\" \/>\n<meta property=\"og:site_name\" content=\"rsplus.pl\" \/>\n<meta property=\"article:modified_time\" content=\"2026-01-20T16:12:20+00:00\" \/>\n<meta property=\"og:image\" content=\"http:\/\/rsplus.pl\/wp-content\/uploads\/2019\/07\/nagrody.jpg\" \/>\n<meta name=\"twitter:card\" content=\"summary_large_image\" \/>\n<meta name=\"twitter:label1\" content=\"Szacowany czas czytania\">\n\t<meta name=\"twitter:data1\" content=\"6 minut\">\n<script type=\"application\/ld+json\" class=\"yoast-schema-graph\">{\"@context\":\"https:\/\/schema.org\",\"@graph\":[{\"@type\":\"WebSite\",\"@id\":\"https:\/\/rsplus.pl\/en\/#website\",\"url\":\"https:\/\/rsplus.pl\/en\/\",\"name\":\"rsplus.pl\",\"description\":\"rs+ architekci\",\"potentialAction\":[{\"@type\":\"SearchAction\",\"target\":\"https:\/\/rsplus.pl\/en\/?s={search_term_string}\",\"query-input\":\"required name=search_term_string\"}],\"inLanguage\":\"pl-PL\"},{\"@type\":\"ImageObject\",\"@id\":\"http:\/\/rsplus.pl\/pl\/nasze-nagrody\/#primaryimage\",\"inLanguage\":\"pl-PL\",\"url\":\"http:\/\/rsplus.pl\/wp-content\/uploads\/2019\/07\/nagrody.jpg\",\"contentUrl\":\"http:\/\/rsplus.pl\/wp-content\/uploads\/2019\/07\/nagrody.jpg\"},{\"@type\":\"WebPage\",\"@id\":\"http:\/\/rsplus.pl\/pl\/nasze-nagrody\/#webpage\",\"url\":\"http:\/\/rsplus.pl\/pl\/nasze-nagrody\/\",\"name\":\"Nasze nagrody - rsplus.pl\",\"isPartOf\":{\"@id\":\"https:\/\/rsplus.pl\/en\/#website\"},\"primaryImageOfPage\":{\"@id\":\"http:\/\/rsplus.pl\/pl\/nasze-nagrody\/#primaryimage\"},\"datePublished\":\"2019-10-06T11:30:54+00:00\",\"dateModified\":\"2026-01-20T16:12:20+00:00\",\"breadcrumb\":{\"@id\":\"http:\/\/rsplus.pl\/pl\/nasze-nagrody\/#breadcrumb\"},\"inLanguage\":\"pl-PL\",\"potentialAction\":[{\"@type\":\"ReadAction\",\"target\":[\"http:\/\/rsplus.pl\/pl\/nasze-nagrody\/\"]}]},{\"@type\":\"BreadcrumbList\",\"@id\":\"http:\/\/rsplus.pl\/pl\/nasze-nagrody\/#breadcrumb\",\"itemListElement\":[{\"@type\":\"ListItem\",\"position\":1,\"item\":{\"@type\":\"WebPage\",\"@id\":\"http:\/\/rsplus.pl\/pl\/\",\"url\":\"http:\/\/rsplus.pl\/pl\/\",\"name\":\"Strona g\\u0142\\u00f3wna\"}},{\"@type\":\"ListItem\",\"position\":2,\"item\":{\"@type\":\"WebPage\",\"@id\":\"http:\/\/rsplus.pl\/pl\/nasze-nagrody\/\",\"url\":\"http:\/\/rsplus.pl\/pl\/nasze-nagrody\/\",\"name\":\"Nasze nagrody\"}}]}]}<\/script>\n<!-- \/ Yoast SEO plugin. -->","_links":{"self":[{"href":"https:\/\/rsplus.pl\/pl\/wp-json\/wp\/v2\/pages\/2116"}],"collection":[{"href":"https:\/\/rsplus.pl\/pl\/wp-json\/wp\/v2\/pages"}],"about":[{"href":"https:\/\/rsplus.pl\/pl\/wp-json\/wp\/v2\/types\/page"}],"author":[{"embeddable":true,"href":"https:\/\/rsplus.pl\/pl\/wp-json\/wp\/v2\/users\/1"}],"replies":[{"embeddable":true,"href":"https:\/\/rsplus.pl\/pl\/wp-json\/wp\/v2\/comments?post=2116"}],"version-history":[{"count":59,"href":"https:\/\/rsplus.pl\/pl\/wp-json\/wp\/v2\/pages\/2116\/revisions"}],"predecessor-version":[{"id":3267,"href":"https:\/\/rsplus.pl\/pl\/wp-json\/wp\/v2\/pages\/2116\/revisions\/3267"}],"wp:attachment":[{"href":"https:\/\/rsplus.pl\/pl\/wp-json\/wp\/v2\/media?parent=2116"}],"curies":[{"name":"wp","href":"https:\/\/api.w.org\/{rel}","templated":true}]}}